{"id":50127,"date":"2016-04-19T22:40:51","date_gmt":"2016-04-19T21:40:51","guid":{"rendered":"https:\/\/www.mbstudiopilates.com\/id-web-agency-in-geneva\/"},"modified":"2024-06-03T20:47:12","modified_gmt":"2024-06-03T19:47:12","slug":"id-web-agency-in-geneva","status":"publish","type":"page","link":"https:\/\/www.mbstudiopilates.com\/en\/id-web-agency-in-geneva\/","title":{"rendered":"ID, web agency in Geneva"},"content":{"rendered":"<p>[et_pb_section fb_built=&#8221;1&#8243; admin_label=&#8221;section&#8221; _builder_version=&#8221;4.16&#8243; global_colors_info=&#8221;{}&#8221;][et_pb_row admin_label=&#8221;row&#8221; _builder_version=&#8221;4.16&#8243; background_size=&#8221;initial&#8221; background_position=&#8221;top_left&#8221; background_repeat=&#8221;repeat&#8221; global_colors_info=&#8221;{}&#8221;][et_pb_column type=&#8221;4_4&#8243; _builder_version=&#8221;4.16&#8243; custom_padding=&#8221;|||&#8221; global_colors_info=&#8221;{}&#8221; custom_padding__hover=&#8221;|||&#8221;][et_pb_text admin_label=&#8221;Text&#8221; _builder_version=&#8221;4.25.1&#8243; background_size=&#8221;initial&#8221; background_position=&#8221;top_left&#8221; background_repeat=&#8221;repeat&#8221; hover_enabled=&#8221;0&#8243; global_colors_info=&#8221;{}&#8221; sticky_enabled=&#8221;0&#8243;]<\/p>\n<p>The collaboration between MB Studio Pilates and Internet Diffusion began in 2015. MB Studio Pilates entrusted web agency Internet Diffusion with the development of its website and its SEO.<\/p>\n<p>With over 17 years&#8217; experience in website design and more than 15 in <a href=\"http:\/\/www.referencement-suisse.ch\/\">SEO<\/a>, the agency has been able to take care of:<\/p>\n<ul>\n<li>creation of the graphic charter,<\/li>\n<li>technical implementation of the site<\/li>\n<li>editorial support<\/li>\n<li>site referencing<\/li>\n<\/ul>\n<p>The <a href=\"http:\/\/www.internetdiffusion.com\/\">Geneva <\/a> Internet Diffusion web agency has been helping its customers reconcile aesthetics, ergonomics and visibility since 1998.<\/p>\n<p>[\/et_pb_text][\/et_pb_column][\/et_pb_row][\/et_pb_section]<\/p>\n<div id=\"dipi-popup-maker-container\"><\/div>    <script type=\"text\/javascript\">\n        var ajaxurl = \"https:\/\/www.mbstudiopilates.com\/wp-admin\/admin-ajax.php\";\n    <\/script>\n    ","protected":false},"excerpt":{"rendered":"<p>The collaboration between MB Studio Pilates and Internet Diffusion began in 2015. MB Studio Pilates entrusted web agency Internet Diffusion with the development of its website and its SEO. With over 17 years&#8217; experience in website design and more than 15 in SEO, the agency has been able to take care of: creation of the [&hellip;]<\/p>\n","protected":false},"author":1,"featured_media":0,"parent":0,"menu_order":0,"comment_status":"closed","ping_status":"closed","template":"","meta":{"_et_pb_use_builder":"on","_et_pb_old_content":"","_et_gb_content_width":"","footnotes":""},"dipi_cpt_category":[],"class_list":["post-50127","page","type-page","status-publish","hentry"],"yoast_head":"<!-- This site is optimized with the Yoast SEO plugin v26.9 - https:\/\/yoast.com\/product\/yoast-seo-wordpress\/ -->\n<title>Agence web Gen\u00e8ve et r\u00e9f\u00e9rencement ID<\/title>\n<meta name=\"description\" content=\"Internet Diffusion web agency Geneva responsible for the design and implementation of the MB Studio Pilates website since 2015.\" \/>\n<meta name=\"robots\" content=\"index, follow, max-snippet:-1, max-image-preview:large, max-video-preview:-1\" \/>\n<link rel=\"canonical\" href=\"https:\/\/www.mbstudiopilates.com\/en\/id-web-agency-in-geneva\/\" \/>\n<meta property=\"og:locale\" content=\"en_US\" \/>\n<meta property=\"og:type\" content=\"article\" \/>\n<meta property=\"og:title\" content=\"Agence web Gen\u00e8ve et r\u00e9f\u00e9rencement ID\" \/>\n<meta property=\"og:description\" content=\"Internet Diffusion web agency Geneva responsible for the design and implementation of the MB Studio Pilates website since 2015.\" \/>\n<meta property=\"og:url\" content=\"https:\/\/www.mbstudiopilates.com\/en\/id-web-agency-in-geneva\/\" \/>\n<meta property=\"og:site_name\" content=\"MB Studio Pilates\" \/>\n<meta property=\"article:publisher\" content=\"https:\/\/www.facebook.com\/mbstudiopilates\" \/>\n<meta property=\"article:modified_time\" content=\"2024-06-03T19:47:12+00:00\" \/>\n<meta name=\"twitter:card\" content=\"summary_large_image\" \/>\n<meta name=\"twitter:label1\" content=\"Est. reading time\" \/>\n\t<meta name=\"twitter:data1\" content=\"1 minute\" \/>\n<script type=\"application\/ld+json\" class=\"yoast-schema-graph\">{\"@context\":\"https:\/\/schema.org\",\"@graph\":[{\"@type\":\"WebPage\",\"@id\":\"https:\/\/www.mbstudiopilates.com\/en\/id-web-agency-in-geneva\/\",\"url\":\"https:\/\/www.mbstudiopilates.com\/en\/id-web-agency-in-geneva\/\",\"name\":\"Agence web Gen\u00e8ve et r\u00e9f\u00e9rencement ID\",\"isPartOf\":{\"@id\":\"https:\/\/www.mbstudiopilates.com\/en\/#website\"},\"datePublished\":\"2016-04-19T21:40:51+00:00\",\"dateModified\":\"2024-06-03T19:47:12+00:00\",\"description\":\"Internet Diffusion web agency Geneva responsible for the design and implementation of the MB Studio Pilates website since 2015.\",\"breadcrumb\":{\"@id\":\"https:\/\/www.mbstudiopilates.com\/en\/id-web-agency-in-geneva\/#breadcrumb\"},\"inLanguage\":\"en-US\",\"potentialAction\":[{\"@type\":\"ReadAction\",\"target\":[\"https:\/\/www.mbstudiopilates.com\/en\/id-web-agency-in-geneva\/\"]}]},{\"@type\":\"BreadcrumbList\",\"@id\":\"https:\/\/www.mbstudiopilates.com\/en\/id-web-agency-in-geneva\/#breadcrumb\",\"itemListElement\":[{\"@type\":\"ListItem\",\"position\":1,\"name\":\"Home\",\"item\":\"https:\/\/www.mbstudiopilates.com\/en\/\"},{\"@type\":\"ListItem\",\"position\":2,\"name\":\"ID, web agency in Geneva\"}]},{\"@type\":\"WebSite\",\"@id\":\"https:\/\/www.mbstudiopilates.com\/en\/#website\",\"url\":\"https:\/\/www.mbstudiopilates.com\/en\/\",\"name\":\"MB Studio Pilates\",\"description\":\"\",\"potentialAction\":[{\"@type\":\"SearchAction\",\"target\":{\"@type\":\"EntryPoint\",\"urlTemplate\":\"https:\/\/www.mbstudiopilates.com\/en\/?s={search_term_string}\"},\"query-input\":{\"@type\":\"PropertyValueSpecification\",\"valueRequired\":true,\"valueName\":\"search_term_string\"}}],\"inLanguage\":\"en-US\"}]}<\/script>\n<!-- \/ Yoast SEO plugin. -->","yoast_head_json":{"title":"Agence web Gen\u00e8ve et r\u00e9f\u00e9rencement ID","description":"Internet Diffusion web agency Geneva responsible for the design and implementation of the MB Studio Pilates website since 2015.","robots":{"index":"index","follow":"follow","max-snippet":"max-snippet:-1","max-image-preview":"max-image-preview:large","max-video-preview":"max-video-preview:-1"},"canonical":"https:\/\/www.mbstudiopilates.com\/en\/id-web-agency-in-geneva\/","og_locale":"en_US","og_type":"article","og_title":"Agence web Gen\u00e8ve et r\u00e9f\u00e9rencement ID","og_description":"Internet Diffusion web agency Geneva responsible for the design and implementation of the MB Studio Pilates website since 2015.","og_url":"https:\/\/www.mbstudiopilates.com\/en\/id-web-agency-in-geneva\/","og_site_name":"MB Studio Pilates","article_publisher":"https:\/\/www.facebook.com\/mbstudiopilates","article_modified_time":"2024-06-03T19:47:12+00:00","twitter_card":"summary_large_image","twitter_misc":{"Est. reading time":"1 minute"},"schema":{"@context":"https:\/\/schema.org","@graph":[{"@type":"WebPage","@id":"https:\/\/www.mbstudiopilates.com\/en\/id-web-agency-in-geneva\/","url":"https:\/\/www.mbstudiopilates.com\/en\/id-web-agency-in-geneva\/","name":"Agence web Gen\u00e8ve et r\u00e9f\u00e9rencement ID","isPartOf":{"@id":"https:\/\/www.mbstudiopilates.com\/en\/#website"},"datePublished":"2016-04-19T21:40:51+00:00","dateModified":"2024-06-03T19:47:12+00:00","description":"Internet Diffusion web agency Geneva responsible for the design and implementation of the MB Studio Pilates website since 2015.","breadcrumb":{"@id":"https:\/\/www.mbstudiopilates.com\/en\/id-web-agency-in-geneva\/#breadcrumb"},"inLanguage":"en-US","potentialAction":[{"@type":"ReadAction","target":["https:\/\/www.mbstudiopilates.com\/en\/id-web-agency-in-geneva\/"]}]},{"@type":"BreadcrumbList","@id":"https:\/\/www.mbstudiopilates.com\/en\/id-web-agency-in-geneva\/#breadcrumb","itemListElement":[{"@type":"ListItem","position":1,"name":"Home","item":"https:\/\/www.mbstudiopilates.com\/en\/"},{"@type":"ListItem","position":2,"name":"ID, web agency in Geneva"}]},{"@type":"WebSite","@id":"https:\/\/www.mbstudiopilates.com\/en\/#website","url":"https:\/\/www.mbstudiopilates.com\/en\/","name":"MB Studio Pilates","description":"","potentialAction":[{"@type":"SearchAction","target":{"@type":"EntryPoint","urlTemplate":"https:\/\/www.mbstudiopilates.com\/en\/?s={search_term_string}"},"query-input":{"@type":"PropertyValueSpecification","valueRequired":true,"valueName":"search_term_string"}}],"inLanguage":"en-US"}]}},"_links":{"self":[{"href":"https:\/\/www.mbstudiopilates.com\/en\/wp-json\/wp\/v2\/pages\/50127","targetHints":{"allow":["GET"]}}],"collection":[{"href":"https:\/\/www.mbstudiopilates.com\/en\/wp-json\/wp\/v2\/pages"}],"about":[{"href":"https:\/\/www.mbstudiopilates.com\/en\/wp-json\/wp\/v2\/types\/page"}],"author":[{"embeddable":true,"href":"https:\/\/www.mbstudiopilates.com\/en\/wp-json\/wp\/v2\/users\/1"}],"replies":[{"embeddable":true,"href":"https:\/\/www.mbstudiopilates.com\/en\/wp-json\/wp\/v2\/comments?post=50127"}],"version-history":[{"count":9,"href":"https:\/\/www.mbstudiopilates.com\/en\/wp-json\/wp\/v2\/pages\/50127\/revisions"}],"predecessor-version":[{"id":50508,"href":"https:\/\/www.mbstudiopilates.com\/en\/wp-json\/wp\/v2\/pages\/50127\/revisions\/50508"}],"wp:attachment":[{"href":"https:\/\/www.mbstudiopilates.com\/en\/wp-json\/wp\/v2\/media?parent=50127"}],"wp:term":[{"taxonomy":"dipi_cpt_category","embeddable":true,"href":"https:\/\/www.mbstudiopilates.com\/en\/wp-json\/wp\/v2\/dipi_cpt_category?post=50127"}],"curies":[{"name":"wp","href":"https:\/\/api.w.org\/{rel}","templated":true}]}}